{"id":5331,"date":"2025-09-02T10:43:44","date_gmt":"2025-09-02T10:43:44","guid":{"rendered":"https:\/\/missannboattrips.com\/activities\/massages\/"},"modified":"2025-12-04T10:09:52","modified_gmt":"2025-12-04T10:09:52","slug":"massages","status":"publish","type":"page","link":"https:\/\/missannboattrips.com\/pt-pt\/activities\/massages\/","title":{"rendered":"Massages"},"content":{"rendered":"\n<p>Escape para uma tranquilidade absoluta com as nossas experi\u00eancias de massagem cuidadosamente criadas. Quer prefira um spa luxuoso em Cura\u00e7ao, um tratamento privado na sua villa, ou uma massagem \u00fanica na vida nas praias intocadas de Klein Cura\u00e7ao, cada momento \u00e9 pensado para revitalizar corpo e alma.<\/p>\n\n\n\n<p>Cura\u00e7ao \u00e9 o lar de algumas das ofertas de bem-estar mais encantadoras das Cara\u00edbas. Imagine receber uma massagem relaxante sob palmeiras ao vento, com o som das ondas ao fundo e a brisa quente da ilha a acariciar a sua pele.<\/p>\n","protected":false},"excerpt":{"rendered":"<p>Escape para uma tranquilidade absoluta com as nossas experi\u00eancias de massagem cuidadosamente criadas. Quer prefira um spa luxuoso em Cura\u00e7ao, um tratamento privado na sua villa, ou uma massagem \u00fanica na vida nas praias intocadas de Klein Cura\u00e7ao, cada momento \u00e9 pensado para revitalizar corpo e alma. Cura\u00e7ao \u00e9 o lar de algumas das ofertas [&hellip;]<\/p>\n","protected":false},"author":1,"featured_media":0,"parent":4011,"menu_order":0,"comment_status":"closed","ping_status":"closed","template":"","meta":{"footnotes":""},"class_list":["post-5331","page","type-page","status-publish","hentry"],"meta_box":{"group_review":[{"review_source":"Tripadvisor","_state":"expanded"}]},"_links":{"self":[{"href":"https:\/\/missannboattrips.com\/pt-pt\/wp-json\/wp\/v2\/pages\/5331","targetHints":{"allow":["GET"]}}],"collection":[{"href":"https:\/\/missannboattrips.com\/pt-pt\/wp-json\/wp\/v2\/pages"}],"about":[{"href":"https:\/\/missannboattrips.com\/pt-pt\/wp-json\/wp\/v2\/types\/page"}],"author":[{"embeddable":true,"href":"https:\/\/missannboattrips.com\/pt-pt\/wp-json\/wp\/v2\/users\/1"}],"replies":[{"embeddable":true,"href":"https:\/\/missannboattrips.com\/pt-pt\/wp-json\/wp\/v2\/comments?post=5331"}],"version-history":[{"count":1,"href":"https:\/\/missannboattrips.com\/pt-pt\/wp-json\/wp\/v2\/pages\/5331\/revisions"}],"predecessor-version":[{"id":5341,"href":"https:\/\/missannboattrips.com\/pt-pt\/wp-json\/wp\/v2\/pages\/5331\/revisions\/5341"}],"up":[{"embeddable":true,"href":"https:\/\/missannboattrips.com\/pt-pt\/wp-json\/wp\/v2\/pages\/4011"}],"wp:attachment":[{"href":"https:\/\/missannboattrips.com\/pt-pt\/wp-json\/wp\/v2\/media?parent=5331"}],"curies":[{"name":"wp","href":"https:\/\/api.w.org\/{rel}","templated":true}]}}