{"id":4181,"date":"2025-03-27T22:41:10","date_gmt":"2025-03-27T22:41:10","guid":{"rendered":"http:\/\/missannboattrips.com\/activities\/klein-curacao\/"},"modified":"2025-10-09T17:24:05","modified_gmt":"2025-10-09T17:24:05","slug":"klein-curacao","status":"publish","type":"page","link":"https:\/\/missannboattrips.com\/pt-pt\/activities\/klein-curacao\/","title":{"rendered":"Klein Cura\u00e7au"},"content":{"rendered":"\n<p>Suba a bordo do nosso super iate <strong>Serendipity<\/strong> e chegue ao para\u00edso em <strong>apenas 1 hora<\/strong>. Pise a areia branca e intocada e encontre o seu lugar na nossa <strong>casa de praia com servi\u00e7o completo<\/strong>. Pe\u00e7a uma bebida no nosso <strong>bar de praia com baloi\u00e7os<\/strong>, aventure-se num mergulho, desfrute de uma <strong>massagem relaxante<\/strong> ou explore a ilha. Escolha entre o nosso <strong>passeio regular durante a semana<\/strong>, ou opte pela op\u00e7\u00e3o mais exclusiva <strong>\"Weekend Supreme\"<\/strong>.<\/p>\n\n\n\n<p><strong>Klein Cura\u00e7au<\/strong> \u00e9 uma ilha id\u00edlica e desabitada de <strong>1,7 km\u00b2<\/strong>, localizada ao largo da costa sudeste de Cura\u00e7au. Navegue ao longo da costa de Cura\u00e7au e chegue a este <strong>c\u00e9u na terra<\/strong>, perfeito para <strong>fam\u00edlias, amigos e aventureiros<\/strong>. Com um <strong>farol cor-de-rosa<\/strong> a dar-lhe as boas-vindas, a beleza natural \u00e0 sua volta parece sa\u00edda de um quadro ou de um fundo de ecr\u00e3. A nossa casa de praia tem tudo o que precisa: <strong>muita sombra, casas de banho, zona de restaurante\/buffet, chuveiro, bar de praia, zona de massagens e escola de mergulho exclusiva<\/strong>.<\/p>\n\n\n\n<p>Fa\u00e7a <strong>mergulho<\/strong> num local RAMSAR de n\u00edvel mundial, <strong>snorkel<\/strong> com tartarugas, desfrute de uma <strong>massagem relaxante<\/strong>, caminhe pela praia imaculada, <strong>suba at\u00e9 ao farol e aos navios naufragados<\/strong>, ou simplesmente <strong>relaxe<\/strong>.<\/p>\n","protected":false},"excerpt":{"rendered":"<p>Suba a bordo do nosso super iate Serendipity e chegue ao para\u00edso em apenas 1 hora. Pise a areia branca e intocada e encontre o seu lugar na nossa casa de praia com servi\u00e7o completo. Pe\u00e7a uma bebida no nosso bar de praia com baloi\u00e7os, aventure-se num mergulho, desfrute de uma massagem relaxante ou explore [&hellip;]<\/p>\n","protected":false},"author":1,"featured_media":1611,"parent":4011,"menu_order":0,"comment_status":"closed","ping_status":"closed","template":"","meta":{"footnotes":""},"class_list":["post-4181","page","type-page","status-publish","has-post-thumbnail","hentry"],"meta_box":{"group_review":[{"review_source":"Tripadvisor","_state":"expanded"}]},"_links":{"self":[{"href":"https:\/\/missannboattrips.com\/pt-pt\/wp-json\/wp\/v2\/pages\/4181","targetHints":{"allow":["GET"]}}],"collection":[{"href":"https:\/\/missannboattrips.com\/pt-pt\/wp-json\/wp\/v2\/pages"}],"about":[{"href":"https:\/\/missannboattrips.com\/pt-pt\/wp-json\/wp\/v2\/types\/page"}],"author":[{"embeddable":true,"href":"https:\/\/missannboattrips.com\/pt-pt\/wp-json\/wp\/v2\/users\/1"}],"replies":[{"embeddable":true,"href":"https:\/\/missannboattrips.com\/pt-pt\/wp-json\/wp\/v2\/comments?post=4181"}],"version-history":[{"count":4,"href":"https:\/\/missannboattrips.com\/pt-pt\/wp-json\/wp\/v2\/pages\/4181\/revisions"}],"predecessor-version":[{"id":5101,"href":"https:\/\/missannboattrips.com\/pt-pt\/wp-json\/wp\/v2\/pages\/4181\/revisions\/5101"}],"up":[{"embeddable":true,"href":"https:\/\/missannboattrips.com\/pt-pt\/wp-json\/wp\/v2\/pages\/4011"}],"wp:featuredmedia":[{"embeddable":true,"href":"https:\/\/missannboattrips.com\/pt-pt\/wp-json\/wp\/v2\/media\/1611"}],"wp:attachment":[{"href":"https:\/\/missannboattrips.com\/pt-pt\/wp-json\/wp\/v2\/media?parent=4181"}],"curies":[{"name":"wp","href":"https:\/\/api.w.org\/{rel}","templated":true}]}}