{"id":4161,"date":"2025-03-27T22:42:20","date_gmt":"2025-03-27T22:42:20","guid":{"rendered":"http:\/\/missannboattrips.com\/activities\/diving-klein-curacao\/"},"modified":"2025-10-09T17:15:41","modified_gmt":"2025-10-09T17:15:41","slug":"diving-klein-curacao","status":"publish","type":"page","link":"https:\/\/missannboattrips.com\/pt-pt\/activities\/diving-klein-curacao\/","title":{"rendered":"Mergulho em Klein Cura\u00e7au"},"content":{"rendered":"\n<p>Klein Cura\u00e7au \u00e9 um <strong>destino de mergulho de classe mundial<\/strong>, com recifes intocados e um ecossistema caribenho abundante. A Miss Ann Boat Trips visita Klein Cura\u00e7au h\u00e1 40 anos, por isso \u00e9 seguro dizer que os nossos instrutores o guiar\u00e3o at\u00e9 alguns dos <strong>melhores tesouros escondidos<\/strong> da zona. Com a <strong>\u00fanica escola de mergulho em Klein Cura\u00e7au<\/strong>, o nosso Divemaster Kees pode oferecer v\u00e1rios mergulhos guiados adequados a si, seja principiante ou experiente. Gostava de obter o seu certificado <strong>PADI Open Water, Advanced ou Rescue Diver<\/strong>? Porque n\u00e3o consegui-lo no para\u00edso?<\/p>\n\n\n\n<p>Com a escola de mergulho <strong>Sublub<\/strong> no local, n\u00e3o precisa de trazer qualquer equipamento. Temos tudo o que precisa \u00e0 sua disposi\u00e7\u00e3o. Isto tamb\u00e9m significa que pode decidir <strong>espontaneamente<\/strong> se quer ou n\u00e3o mergulhar, desde que haja disponibilidade. Ainda assim, recomendamos que <strong>reserve o seu lugar com anteced\u00eancia<\/strong>.<\/p>\n","protected":false},"excerpt":{"rendered":"<p>Klein Cura\u00e7au \u00e9 um destino de mergulho de classe mundial, com recifes intocados e um ecossistema caribenho abundante. A Miss Ann Boat Trips visita Klein Cura\u00e7au h\u00e1 40 anos, por isso \u00e9 seguro dizer que os nossos instrutores o guiar\u00e3o at\u00e9 alguns dos melhores tesouros escondidos da zona. Com a \u00fanica escola de mergulho em [&hellip;]<\/p>\n","protected":false},"author":1,"featured_media":0,"parent":4011,"menu_order":0,"comment_status":"closed","ping_status":"closed","template":"","meta":{"footnotes":""},"class_list":["post-4161","page","type-page","status-publish","hentry"],"meta_box":{"group_review":[{"review_source":"Tripadvisor","_state":"expanded"}]},"_links":{"self":[{"href":"https:\/\/missannboattrips.com\/pt-pt\/wp-json\/wp\/v2\/pages\/4161","targetHints":{"allow":["GET"]}}],"collection":[{"href":"https:\/\/missannboattrips.com\/pt-pt\/wp-json\/wp\/v2\/pages"}],"about":[{"href":"https:\/\/missannboattrips.com\/pt-pt\/wp-json\/wp\/v2\/types\/page"}],"author":[{"embeddable":true,"href":"https:\/\/missannboattrips.com\/pt-pt\/wp-json\/wp\/v2\/users\/1"}],"replies":[{"embeddable":true,"href":"https:\/\/missannboattrips.com\/pt-pt\/wp-json\/wp\/v2\/comments?post=4161"}],"version-history":[{"count":2,"href":"https:\/\/missannboattrips.com\/pt-pt\/wp-json\/wp\/v2\/pages\/4161\/revisions"}],"predecessor-version":[{"id":5041,"href":"https:\/\/missannboattrips.com\/pt-pt\/wp-json\/wp\/v2\/pages\/4161\/revisions\/5041"}],"up":[{"embeddable":true,"href":"https:\/\/missannboattrips.com\/pt-pt\/wp-json\/wp\/v2\/pages\/4011"}],"wp:attachment":[{"href":"https:\/\/missannboattrips.com\/pt-pt\/wp-json\/wp\/v2\/media?parent=4161"}],"curies":[{"name":"wp","href":"https:\/\/api.w.org\/{rel}","templated":true}]}}