{"id":4121,"date":"2025-03-27T22:42:00","date_gmt":"2025-03-27T22:42:00","guid":{"rendered":"http:\/\/missannboattrips.com\/activities\/rent-a-yacht\/"},"modified":"2025-10-09T17:29:47","modified_gmt":"2025-10-09T17:29:47","slug":"rent-a-yacht","status":"publish","type":"page","link":"https:\/\/missannboattrips.com\/pt-pt\/activities\/rent-a-yacht\/","title":{"rendered":"Alugue um iate em Cura\u00e7au"},"content":{"rendered":"\n<p>Alugue um iate para viver a derradeira experi\u00eancia nas Cara\u00edbas. Perfeito para casamentos, anivers\u00e1rios, festas de anivers\u00e1rio, atividades de team building ou outros momentos especiais. Escolha um dos nossos dois iates, o <strong>Serendipity<\/strong> ou o <strong>Second Chance<\/strong>.<\/p>\n\n\n\n<p>Se est\u00e1 a planear um evento especial ou simplesmente \u00e0 procura de uma escapadinha privada, a nossa equipa est\u00e1 empenhada em tornar a sua experi\u00eancia \u00fanica e memor\u00e1vel. Desfrute do luxo, da flexibilidade e da privacidade que o aluguer de um iate oferece a si e aos seus entes queridos.<\/p>\n","protected":false},"excerpt":{"rendered":"<p>Alugue um iate para viver a derradeira experi\u00eancia nas Cara\u00edbas. Perfeito para casamentos, anivers\u00e1rios, festas de anivers\u00e1rio, atividades de team building ou outros momentos especiais. Escolha um dos nossos dois iates, o Serendipity ou o Second Chance. Se est\u00e1 a planear um evento especial ou simplesmente \u00e0 procura de uma escapadinha privada, a nossa equipa [&hellip;]<\/p>\n","protected":false},"author":1,"featured_media":0,"parent":4011,"menu_order":0,"comment_status":"closed","ping_status":"closed","template":"","meta":{"footnotes":""},"class_list":["post-4121","page","type-page","status-publish","hentry"],"meta_box":{"group_review":[{"review_source":"Tripadvisor","_state":"expanded"}]},"_links":{"self":[{"href":"https:\/\/missannboattrips.com\/pt-pt\/wp-json\/wp\/v2\/pages\/4121","targetHints":{"allow":["GET"]}}],"collection":[{"href":"https:\/\/missannboattrips.com\/pt-pt\/wp-json\/wp\/v2\/pages"}],"about":[{"href":"https:\/\/missannboattrips.com\/pt-pt\/wp-json\/wp\/v2\/types\/page"}],"author":[{"embeddable":true,"href":"https:\/\/missannboattrips.com\/pt-pt\/wp-json\/wp\/v2\/users\/1"}],"replies":[{"embeddable":true,"href":"https:\/\/missannboattrips.com\/pt-pt\/wp-json\/wp\/v2\/comments?post=4121"}],"version-history":[{"count":1,"href":"https:\/\/missannboattrips.com\/pt-pt\/wp-json\/wp\/v2\/pages\/4121\/revisions"}],"predecessor-version":[{"id":4131,"href":"https:\/\/missannboattrips.com\/pt-pt\/wp-json\/wp\/v2\/pages\/4121\/revisions\/4131"}],"up":[{"embeddable":true,"href":"https:\/\/missannboattrips.com\/pt-pt\/wp-json\/wp\/v2\/pages\/4011"}],"wp:attachment":[{"href":"https:\/\/missannboattrips.com\/pt-pt\/wp-json\/wp\/v2\/media?parent=4121"}],"curies":[{"name":"wp","href":"https:\/\/api.w.org\/{rel}","templated":true}]}}