{"id":4071,"date":"2025-06-25T08:47:05","date_gmt":"2025-06-25T08:47:05","guid":{"rendered":"http:\/\/missannboattrips.com\/cancellation\/"},"modified":"2025-06-27T12:01:14","modified_gmt":"2025-06-27T12:01:14","slug":"cancellation","status":"publish","type":"page","link":"https:\/\/missannboattrips.com\/pt-pt\/cancellation\/","title":{"rendered":"Cancelamento"},"content":{"rendered":"\n<p>Cancelamentos feitos com <strong>48 horas ou mais de anteced\u00eancia<\/strong> do passeio para Klein Cura\u00e7ao receber\u00e3o <strong>reembolso de 100%<\/strong>.<\/p>\n\n\n\n<p>Cancelamentos feitos entre <strong>48 e 24 horas de anteced\u00eancia<\/strong> receber\u00e3o <strong>reembolso de 50%<\/strong>.<\/p>\n\n\n\n<p>Cancelamentos feitos com <strong>menos de 24 horas de anteced\u00eancia<\/strong> do passeio para Klein Cura\u00e7ao <strong>n\u00e3o ter\u00e3o direito a reembolso<\/strong>.<\/p>\n\n\n\n<p><strong>Nota:<\/strong> Para charter privados, aplica-se uma pol\u00edtica de cancelamento diferente.<\/p>\n","protected":false},"excerpt":{"rendered":"<p>Cancelamentos feitos com 48 horas ou mais de anteced\u00eancia do passeio para Klein Cura\u00e7ao receber\u00e3o reembolso de 100%. Cancelamentos feitos entre 48 e 24 horas de anteced\u00eancia receber\u00e3o reembolso de 50%. Cancelamentos feitos com menos de 24 horas de anteced\u00eancia do passeio para Klein Cura\u00e7ao n\u00e3o ter\u00e3o direito a reembolso. Nota: Para charter privados, aplica-se [&hellip;]<\/p>\n","protected":false},"author":1,"featured_media":0,"parent":0,"menu_order":0,"comment_status":"closed","ping_status":"closed","template":"","meta":{"footnotes":""},"class_list":["post-4071","page","type-page","status-publish","hentry"],"meta_box":{"group_review":[]},"_links":{"self":[{"href":"https:\/\/missannboattrips.com\/pt-pt\/wp-json\/wp\/v2\/pages\/4071","targetHints":{"allow":["GET"]}}],"collection":[{"href":"https:\/\/missannboattrips.com\/pt-pt\/wp-json\/wp\/v2\/pages"}],"about":[{"href":"https:\/\/missannboattrips.com\/pt-pt\/wp-json\/wp\/v2\/types\/page"}],"author":[{"embeddable":true,"href":"https:\/\/missannboattrips.com\/pt-pt\/wp-json\/wp\/v2\/users\/1"}],"replies":[{"embeddable":true,"href":"https:\/\/missannboattrips.com\/pt-pt\/wp-json\/wp\/v2\/comments?post=4071"}],"version-history":[{"count":1,"href":"https:\/\/missannboattrips.com\/pt-pt\/wp-json\/wp\/v2\/pages\/4071\/revisions"}],"predecessor-version":[{"id":4091,"href":"https:\/\/missannboattrips.com\/pt-pt\/wp-json\/wp\/v2\/pages\/4071\/revisions\/4091"}],"wp:attachment":[{"href":"https:\/\/missannboattrips.com\/pt-pt\/wp-json\/wp\/v2\/media?parent=4071"}],"curies":[{"name":"wp","href":"https:\/\/api.w.org\/{rel}","templated":true}]}}