{"id":3771,"date":"2025-06-25T08:46:45","date_gmt":"2025-06-25T08:46:45","guid":{"rendered":"http:\/\/missannboattrips.com\/privacy-policy\/"},"modified":"2025-10-09T17:32:37","modified_gmt":"2025-10-09T17:32:37","slug":"privacy-policy","status":"publish","type":"page","link":"https:\/\/missannboattrips.com\/pt-pt\/privacy-policy\/","title":{"rendered":"Pol\u00edtica de Privacidade"},"content":{"rendered":"\n<h2 class=\"wp-block-heading\">Klein Cura\u00e7ao: 1 hora para o para\u00edso todas as ter\u00e7as, quintas e domingos<\/h2>\n\n\n\n<p>Esta pol\u00edtica define a base na qual quaisquer dados pessoais que coletamos de voc\u00ea, ou que voc\u00ea nos fornece, ser\u00e3o processados \u200b\u200bpor n\u00f3s. Leia nossa Pol\u00edtica de Privacidade com aten\u00e7\u00e3o.<\/p>\n\n\n\n<p>Informa\u00e7\u00f5es que voc\u00ea fornece ao preencher formul\u00e1rios em nosso site www.misannboattrips.com. Isso inclui informa\u00e7\u00f5es fornecidas no momento do cadastro para usar nosso site ou solicitar servi\u00e7os adicionais. Ao se cadastrar em nosso site, solicitaremos seu nome, e-mail, data de nascimento, sexo, n\u00famero de telefone e endere\u00e7o. Tamb\u00e9m podemos solicitar informa\u00e7\u00f5es quando voc\u00ea relatar um problema com nosso site. Se houver algum problema com o bilhete que voc\u00ea comprou, solicitaremos o n\u00famero do seu bilhete. Se voc\u00ea comprou seu bilhete online e houver algum erro, poderemos solicitar informa\u00e7\u00f5es adicionais relacionadas ao pagamento, como o n\u00famero da sua conta banc\u00e1ria.<\/p>\n\n\n\n<p>Ao comprar ingressos para um evento, o organizador receber\u00e1 seu nome e e-mail.<\/p>\n\n\n\n<p>Ao comprar ingressos para um passeio ou atividade, o organizador receber\u00e1 seu nome, e-mail, data de nascimento e seu n\u00famero de telefone.<\/p>\n\n\n\n<p>Se voc\u00ea entrar em contato conosco, poderemos manter um registro dessa correspond\u00eancia.<\/p>\n\n\n\n<p>Tamb\u00e9m podemos pedir que voc\u00ea responda a pesquisas que usamos para fins de pesquisa, embora voc\u00ea n\u00e3o precise respond\u00ea-las.<\/p>\n\n\n\n<p>Detalhes das compras que voc\u00ea realiza atrav\u00e9s do nosso site e do cumprimento das suas reservas.<\/p>\n\n\n\n<p>Caso voc\u00ea vincule seu cart\u00e3o Fun Miles \u00e0 sua conta, tamb\u00e9m armazenaremos o n\u00famero do cart\u00e3o, o PIN e o saldo atual criptografados em nosso sistema.<\/p>\n\n\n\n<p>Detalhes de suas visitas ao nosso site, incluindo, mas n\u00e3o se limitando a, dados de tr\u00e1fego, dados de localiza\u00e7\u00e3o, registros e outros dados de comunica\u00e7\u00e3o, sejam eles necess\u00e1rios para nossos pr\u00f3prios fins de cobran\u00e7a ou n\u00e3o, e os recursos que voc\u00ea acessa.<\/p>\n\n\n\n<p>N\u00e3o armazenamos nenhuma informa\u00e7\u00e3o financeira em nossos servidores, como n\u00fameros de cart\u00e3o de cr\u00e9dito, c\u00f3digos PIN, etc.<\/p>\n\n\n\n<p>Todos os pagamentos s\u00e3o processados \u200b\u200bpor nossos provedores de servi\u00e7os de pagamento terceirizados&nbsp;<sup>compat\u00edveis<\/sup>&nbsp;&nbsp;com PCI.<\/p>\n\n\n\n<p>Podemos coletar informa\u00e7\u00f5es sobre o seu computador, incluindo, quando dispon\u00edvel, seu endere\u00e7o IP, sistema operacional e tipo de navegador, para fins de administra\u00e7\u00e3o do sistema e para reportar informa\u00e7\u00f5es agregadas aos nossos clientes. Trata-se de dados estat\u00edsticos sobre as a\u00e7\u00f5es e padr\u00f5es de navega\u00e7\u00e3o dos nossos usu\u00e1rios e n\u00e3o identificam nenhum indiv\u00edduo.<\/p>\n\n\n\n<p>Usamos o Google Analytics e o Facebook Pixel em nosso site. Ao usar nosso site, voc\u00ea concorda que coletamos informa\u00e7\u00f5es an\u00f4nimas de usu\u00e1rios para nossas estat\u00edsticas.<\/p>\n\n\n\n<p>Nosso site utiliza cookies para diferenci\u00e1-lo de outros usu\u00e1rios. Isso nos ajuda a proporcionar uma boa experi\u00eancia ao navegar em nosso site e tamb\u00e9m nos permite aprimor\u00e1-lo.<\/p>\n\n\n\n<p>Alguns cookies que usamos s\u00e3o essenciais para processar seu pedido, como permitir que nosso site lembre os detalhes de sua reserva quando voc\u00ea faz o check-out e o pagamento.<\/p>\n\n\n\n<p>Outros cookies que utilizamos nos permitem reconhec\u00ea-lo quando voc\u00ea retorna ao nosso site, estimar o tamanho do nosso p\u00fablico e o padr\u00e3o de uso, armazenar informa\u00e7\u00f5es sobre suas prefer\u00eancias e, assim, personalizar nosso site e fornecer ofertas direcionadas aos seus interesses individuais, agilizar suas pesquisas e permitir que voc\u00ea use nosso site de uma forma que torne sua experi\u00eancia de navega\u00e7\u00e3o mais conveniente. Se voc\u00ea se registrar conosco ou preencher nossos formul\u00e1rios online, usaremos cookies para lembrar seus dados durante sua visita atual e em quaisquer visitas futuras, desde que o cookie n\u00e3o tenha sido exclu\u00eddo nesse \u00ednterim.<\/p>\n\n\n\n<p>Todas as informa\u00e7\u00f5es que voc\u00ea nos fornece s\u00e3o armazenadas em nossos servidores seguros. Nossos servidores de banco de dados est\u00e3o localizados nos EUA.<\/p>\n\n\n\n<p>Todas as transa\u00e7\u00f5es de pagamento ser\u00e3o criptografadas. N\u00e3o armazenamos informa\u00e7\u00f5es de pagamento confidenciais (n\u00fameros de cart\u00e3o, PIN, c\u00f3digos CVC, etc.) em nossos servidores, apenas informa\u00e7\u00f5es necess\u00e1rias para suporte, como n\u00famero da conta, e-mail e refer\u00eancia da transa\u00e7\u00e3o.<\/p>\n\n\n\n<p>Caso tenhamos fornecido (ou voc\u00ea tenha escolhido) uma senha que permita o acesso a determinadas partes do nosso site, voc\u00ea \u00e9 respons\u00e1vel por manter essa senha confidencial. Pedimos que voc\u00ea n\u00e3o compartilhe a senha com ningu\u00e9m. Todas as senhas s\u00e3o criptografadas em nosso banco de dados.<\/p>\n\n\n\n<p>Infelizmente, a transmiss\u00e3o de informa\u00e7\u00f5es pela internet n\u00e3o \u00e9 totalmente segura. Embora fa\u00e7amos o poss\u00edvel para proteger seus dados pessoais, n\u00e3o podemos garantir a seguran\u00e7a dos dados transmitidos ao nosso site; qualquer transmiss\u00e3o \u00e9 por sua conta e risco. Assim que recebermos suas informa\u00e7\u00f5es, usaremos procedimentos e recursos de seguran\u00e7a rigorosos para tentar impedir o acesso n\u00e3o autorizado.<\/p>\n\n\n\n<p>Temos o direito de usar seu endere\u00e7o de e-mail para enviar e-mails relacionados ao produto que voc\u00ea compra, por exemplo, cancelamentos, altera\u00e7\u00f5es da reserva, informa\u00e7\u00f5es importantes relacionadas \u00e0 reserva, etc.<\/p>\n","protected":false},"excerpt":{"rendered":"<p>Klein Cura\u00e7ao: 1 hora para o para\u00edso todas as ter\u00e7as, quintas e domingos Esta pol\u00edtica define a base na qual quaisquer dados pessoais que coletamos de voc\u00ea, ou que voc\u00ea nos fornece, ser\u00e3o processados \u200b\u200bpor n\u00f3s. Leia nossa Pol\u00edtica de Privacidade com aten\u00e7\u00e3o. Informa\u00e7\u00f5es que voc\u00ea fornece ao preencher formul\u00e1rios em nosso site www.misannboattrips.com. Isso [&hellip;]<\/p>\n","protected":false},"author":1,"featured_media":0,"parent":0,"menu_order":0,"comment_status":"closed","ping_status":"closed","template":"","meta":{"footnotes":""},"class_list":["post-3771","page","type-page","status-publish","hentry"],"meta_box":{"group_review":[{"review_source":"Tripadvisor","_state":"expanded"}]},"_links":{"self":[{"href":"https:\/\/missannboattrips.com\/pt-pt\/wp-json\/wp\/v2\/pages\/3771","targetHints":{"allow":["GET"]}}],"collection":[{"href":"https:\/\/missannboattrips.com\/pt-pt\/wp-json\/wp\/v2\/pages"}],"about":[{"href":"https:\/\/missannboattrips.com\/pt-pt\/wp-json\/wp\/v2\/types\/page"}],"author":[{"embeddable":true,"href":"https:\/\/missannboattrips.com\/pt-pt\/wp-json\/wp\/v2\/users\/1"}],"replies":[{"embeddable":true,"href":"https:\/\/missannboattrips.com\/pt-pt\/wp-json\/wp\/v2\/comments?post=3771"}],"version-history":[{"count":1,"href":"https:\/\/missannboattrips.com\/pt-pt\/wp-json\/wp\/v2\/pages\/3771\/revisions"}],"predecessor-version":[{"id":3801,"href":"https:\/\/missannboattrips.com\/pt-pt\/wp-json\/wp\/v2\/pages\/3771\/revisions\/3801"}],"wp:attachment":[{"href":"https:\/\/missannboattrips.com\/pt-pt\/wp-json\/wp\/v2\/media?parent=3771"}],"curies":[{"name":"wp","href":"https:\/\/api.w.org\/{rel}","templated":true}]}}