{"id":3701,"date":"2025-06-25T08:47:22","date_gmt":"2025-06-25T08:47:22","guid":{"rendered":"http:\/\/missannboattrips.com\/payment\/"},"modified":"2025-06-27T09:01:16","modified_gmt":"2025-06-27T09:01:16","slug":"payment","status":"publish","type":"page","link":"https:\/\/missannboattrips.com\/pt-pt\/payment\/","title":{"rendered":"Pagamento"},"content":{"rendered":"\n<h4 class=\"wp-block-heading\">Pagamento das viagens Klein Cura\u00e7ao<\/h4>\n\n\n\n<ul class=\"wp-block-list\">\n<li>Os pagamentos devem ser conclu\u00eddos pelo menos 48 horas antes da viagem.<\/li>\n\n\n\n<li>Pagamentos em dinheiro podem ser feitos em nossa bilheteria \/ OLA THE SHOP no Eden Mall, Caracasbaaiweg 280 (aberto de segunda a s\u00e1bado, das 10h \u00e0s 17h).<\/li>\n\n\n\n<li>Entre em contato diretamente com a Miss Ann boat trips pelo telefone +5999 5601367 para esclarecer d\u00favidas sobre pagamento.<\/li>\n<\/ul>\n\n\n\n<h4 class=\"wp-block-heading\">Pagamento de fretamentos privados<\/h4>\n\n\n\n<p>\u00c9 necess\u00e1rio um adiantamento de 20% para garantir a reserva; 1 m\u00eas de anteced\u00eancia, o pagamento integral \u00e9 necess\u00e1rio 2 semanas antes do tour privado<\/p>\n","protected":false},"excerpt":{"rendered":"<p>Pagamento das viagens Klein Cura\u00e7ao Pagamento de fretamentos privados \u00c9 necess\u00e1rio um adiantamento de 20% para garantir a reserva; 1 m\u00eas de anteced\u00eancia, o pagamento integral \u00e9 necess\u00e1rio 2 semanas antes do tour privado<\/p>\n","protected":false},"author":1,"featured_media":0,"parent":0,"menu_order":0,"comment_status":"closed","ping_status":"closed","template":"","meta":{"footnotes":""},"class_list":["post-3701","page","type-page","status-publish","hentry"],"meta_box":{"group_review":[]},"_links":{"self":[{"href":"https:\/\/missannboattrips.com\/pt-pt\/wp-json\/wp\/v2\/pages\/3701","targetHints":{"allow":["GET"]}}],"collection":[{"href":"https:\/\/missannboattrips.com\/pt-pt\/wp-json\/wp\/v2\/pages"}],"about":[{"href":"https:\/\/missannboattrips.com\/pt-pt\/wp-json\/wp\/v2\/types\/page"}],"author":[{"embeddable":true,"href":"https:\/\/missannboattrips.com\/pt-pt\/wp-json\/wp\/v2\/users\/1"}],"replies":[{"embeddable":true,"href":"https:\/\/missannboattrips.com\/pt-pt\/wp-json\/wp\/v2\/comments?post=3701"}],"version-history":[{"count":2,"href":"https:\/\/missannboattrips.com\/pt-pt\/wp-json\/wp\/v2\/pages\/3701\/revisions"}],"predecessor-version":[{"id":3831,"href":"https:\/\/missannboattrips.com\/pt-pt\/wp-json\/wp\/v2\/pages\/3701\/revisions\/3831"}],"wp:attachment":[{"href":"https:\/\/missannboattrips.com\/pt-pt\/wp-json\/wp\/v2\/media?parent=3701"}],"curies":[{"name":"wp","href":"https:\/\/api.w.org\/{rel}","templated":true}]}}