{"id":3641,"date":"2025-03-27T18:09:33","date_gmt":"2025-03-27T18:09:33","guid":{"rendered":"http:\/\/missannboattrips.com\/miss-ann-boat-trips\/"},"modified":"2025-10-09T17:10:07","modified_gmt":"2025-10-09T17:10:07","slug":"miss-ann-boat-trips","status":"publish","type":"page","link":"https:\/\/missannboattrips.com\/pt-pt\/","title":{"rendered":"Miss Ann boat trips"},"content":{"rendered":"\n<p>Oferecemos uma variedade de passeios de barco e atividades que proporcionam exatamente o que precisa: relaxamento, divers\u00e3o, aventura e momentos de qualidade com os seus entes queridos. Junte-se a n\u00f3s numa excurs\u00e3o de um dia com tudo inclu\u00eddo \u00e0 ilha desabitada de Klein Cura\u00e7ao, desfrute da nossa casa de praia \u00fanica ou alugue um iate por um dia. Saboreie o estilo de vida caribenho!<\/p>\n","protected":false},"excerpt":{"rendered":"<p>Oferecemos uma variedade de passeios de barco e atividades que proporcionam exatamente o que precisa: relaxamento, divers\u00e3o, aventura e momentos de qualidade com os seus entes queridos. Junte-se a n\u00f3s numa excurs\u00e3o de um dia com tudo inclu\u00eddo \u00e0 ilha desabitada de Klein Cura\u00e7ao, desfrute da nossa casa de praia \u00fanica ou alugue um iate [&hellip;]<\/p>\n","protected":false},"author":1,"featured_media":0,"parent":0,"menu_order":0,"comment_status":"closed","ping_status":"closed","template":"","meta":{"footnotes":""},"class_list":["post-3641","page","type-page","status-publish","hentry"],"meta_box":{"group_review":[{"review_source":"Tripadvisor","_state":"expanded"}]},"_links":{"self":[{"href":"https:\/\/missannboattrips.com\/pt-pt\/wp-json\/wp\/v2\/pages\/3641","targetHints":{"allow":["GET"]}}],"collection":[{"href":"https:\/\/missannboattrips.com\/pt-pt\/wp-json\/wp\/v2\/pages"}],"about":[{"href":"https:\/\/missannboattrips.com\/pt-pt\/wp-json\/wp\/v2\/types\/page"}],"author":[{"embeddable":true,"href":"https:\/\/missannboattrips.com\/pt-pt\/wp-json\/wp\/v2\/users\/1"}],"replies":[{"embeddable":true,"href":"https:\/\/missannboattrips.com\/pt-pt\/wp-json\/wp\/v2\/comments?post=3641"}],"version-history":[{"count":2,"href":"https:\/\/missannboattrips.com\/pt-pt\/wp-json\/wp\/v2\/pages\/3641\/revisions"}],"predecessor-version":[{"id":5001,"href":"https:\/\/missannboattrips.com\/pt-pt\/wp-json\/wp\/v2\/pages\/3641\/revisions\/5001"}],"wp:attachment":[{"href":"https:\/\/missannboattrips.com\/pt-pt\/wp-json\/wp\/v2\/media?parent=3641"}],"curies":[{"name":"wp","href":"https:\/\/api.w.org\/{rel}","templated":true}]}}