{"id":3591,"date":"2025-03-27T22:39:40","date_gmt":"2025-03-27T22:39:40","guid":{"rendered":"http:\/\/missannboattrips.com\/contact\/"},"modified":"2025-06-25T12:24:47","modified_gmt":"2025-06-25T12:24:47","slug":"contact","status":"publish","type":"page","link":"https:\/\/missannboattrips.com\/pt-pt\/contact\/","title":{"rendered":"Contact"},"content":{"rendered":"\n<p>N\u00e3o h\u00e1 nada como ver o p\u00f4r do sol, acender a fogueira e observar as estrelas numa ilha isolada com quem mais gostamos. Ao som relaxante do oceano a embalar o sono, sentir-se-\u00e1 mais ligado \u00e0 natureza \u2014 e uns aos outros \u2014 do que nunca. A nossa casa de praia privada, equipada com instala\u00e7\u00f5es sanit\u00e1rias e duche, oferece conforto e abrigo. A nossa equipa tratar\u00e1 das suas refei\u00e7\u00f5es e bebidas!<\/p>\n","protected":false},"excerpt":{"rendered":"<p>N\u00e3o h\u00e1 nada como ver o p\u00f4r do sol, acender a fogueira e observar as estrelas numa ilha isolada com quem mais gostamos. Ao som relaxante do oceano a embalar o sono, sentir-se-\u00e1 mais ligado \u00e0 natureza \u2014 e uns aos outros \u2014 do que nunca. A nossa casa de praia privada, equipada com instala\u00e7\u00f5es [&hellip;]<\/p>\n","protected":false},"author":1,"featured_media":0,"parent":0,"menu_order":0,"comment_status":"closed","ping_status":"closed","template":"","meta":{"footnotes":""},"class_list":["post-3591","page","type-page","status-publish","hentry"],"meta_box":{"group_review":[]},"_links":{"self":[{"href":"https:\/\/missannboattrips.com\/pt-pt\/wp-json\/wp\/v2\/pages\/3591","targetHints":{"allow":["GET"]}}],"collection":[{"href":"https:\/\/missannboattrips.com\/pt-pt\/wp-json\/wp\/v2\/pages"}],"about":[{"href":"https:\/\/missannboattrips.com\/pt-pt\/wp-json\/wp\/v2\/types\/page"}],"author":[{"embeddable":true,"href":"https:\/\/missannboattrips.com\/pt-pt\/wp-json\/wp\/v2\/users\/1"}],"replies":[{"embeddable":true,"href":"https:\/\/missannboattrips.com\/pt-pt\/wp-json\/wp\/v2\/comments?post=3591"}],"version-history":[{"count":1,"href":"https:\/\/missannboattrips.com\/pt-pt\/wp-json\/wp\/v2\/pages\/3591\/revisions"}],"predecessor-version":[{"id":3621,"href":"https:\/\/missannboattrips.com\/pt-pt\/wp-json\/wp\/v2\/pages\/3591\/revisions\/3621"}],"wp:attachment":[{"href":"https:\/\/missannboattrips.com\/pt-pt\/wp-json\/wp\/v2\/media?parent=3591"}],"curies":[{"name":"wp","href":"https:\/\/api.w.org\/{rel}","templated":true}]}}