{"id":3531,"date":"2025-03-27T22:40:11","date_gmt":"2025-03-27T22:40:11","guid":{"rendered":"http:\/\/missannboattrips.com\/activity\/"},"modified":"2025-06-25T12:03:46","modified_gmt":"2025-06-25T12:03:46","slug":"activity","status":"publish","type":"page","link":"https:\/\/missannboattrips.com\/pt-pt\/activity\/","title":{"rendered":"Activity"},"content":{"rendered":"\n<p>Com mais de 35 anos de experi\u00eancia, uma equipe dedicada e tr\u00eas belos barcos, oferecemos diversos passeios de barco e atividades personalizadas de acordo com os seus desejos. Junte-se a n\u00f3s em uma excurs\u00e3o all-inclusive para Klein Cura\u00e7ao e descubra o mundo subaqu\u00e1tico com o nosso Divemaster. Planejando um evento especial? Alugue um iate! Parece interessante? Vamos embarcar juntos nessa aventura.<\/p>\n","protected":false},"excerpt":{"rendered":"<p>Com mais de 35 anos de experi\u00eancia, uma equipe dedicada e tr\u00eas belos barcos, oferecemos diversos passeios de barco e atividades personalizadas de acordo com os seus desejos. Junte-se a n\u00f3s em uma excurs\u00e3o all-inclusive para Klein Cura\u00e7ao e descubra o mundo subaqu\u00e1tico com o nosso Divemaster. Planejando um evento especial? Alugue um iate! Parece [&hellip;]<\/p>\n","protected":false},"author":1,"featured_media":0,"parent":0,"menu_order":0,"comment_status":"closed","ping_status":"closed","template":"","meta":{"footnotes":""},"class_list":["post-3531","page","type-page","status-publish","hentry"],"meta_box":{"group_review":[]},"_links":{"self":[{"href":"https:\/\/missannboattrips.com\/pt-pt\/wp-json\/wp\/v2\/pages\/3531","targetHints":{"allow":["GET"]}}],"collection":[{"href":"https:\/\/missannboattrips.com\/pt-pt\/wp-json\/wp\/v2\/pages"}],"about":[{"href":"https:\/\/missannboattrips.com\/pt-pt\/wp-json\/wp\/v2\/types\/page"}],"author":[{"embeddable":true,"href":"https:\/\/missannboattrips.com\/pt-pt\/wp-json\/wp\/v2\/users\/1"}],"replies":[{"embeddable":true,"href":"https:\/\/missannboattrips.com\/pt-pt\/wp-json\/wp\/v2\/comments?post=3531"}],"version-history":[{"count":1,"href":"https:\/\/missannboattrips.com\/pt-pt\/wp-json\/wp\/v2\/pages\/3531\/revisions"}],"predecessor-version":[{"id":3561,"href":"https:\/\/missannboattrips.com\/pt-pt\/wp-json\/wp\/v2\/pages\/3531\/revisions\/3561"}],"wp:attachment":[{"href":"https:\/\/missannboattrips.com\/pt-pt\/wp-json\/wp\/v2\/media?parent=3531"}],"curies":[{"name":"wp","href":"https:\/\/api.w.org\/{rel}","templated":true}]}}