{"id":3491,"date":"2025-03-27T18:11:02","date_gmt":"2025-03-27T18:11:02","guid":{"rendered":"http:\/\/missannboattrips.com\/about\/"},"modified":"2025-10-09T17:36:25","modified_gmt":"2025-10-09T17:36:25","slug":"about","status":"publish","type":"page","link":"https:\/\/missannboattrips.com\/pt-pt\/about\/","title":{"rendered":"About"},"content":{"rendered":"\n<p>H\u00e1 mais de 40 anos, movidos por uma paix\u00e3o profunda pelo mar, Pieter van der Vlies e sua parceira Solange Istatia fundaram a Miss Ann Boat Trips em Cura\u00e7ao, com a compra de sua primeira embarca\u00e7\u00e3o, a \"Miss Ann\". Foram os primeiros a oferecer passeios de barco para a bela ilha de Klein Cura\u00e7ao. Como verdadeiros pioneiros, ajudaram a tornar a ilha acess\u00edvel aos visitantes e, desde ent\u00e3o, promovem o turismo sustent\u00e1vel. Hoje, o filho do casal assumiu a lideran\u00e7a da empresa, que conta com dois iates a motor e uma equipe entusiasmada, sempre disposta a proporcionar um dia surpreendentemente bonito e divertido \u2014 desde o momento da reserva at\u00e9 a \u00faltima onda de despedida. Este \u00e9 o lugar ideal para o seu passeio a Klein Cura\u00e7ao ou para um charter de iate.<\/p>\n\n\n\n<p>Com sua experi\u00eancia, paix\u00e3o e dedica\u00e7\u00e3o, a Miss Ann Boat Trips, empresa familiar, oferece aos seus h\u00f3spedes um verdadeiro sabor do estilo de vida caribenho.<\/p>\n","protected":false},"excerpt":{"rendered":"<p>H\u00e1 mais de 40 anos, movidos por uma paix\u00e3o profunda pelo mar, Pieter van der Vlies e sua parceira Solange Istatia fundaram a Miss Ann Boat Trips em Cura\u00e7ao, com a compra de sua primeira embarca\u00e7\u00e3o, a \"Miss Ann\". Foram os primeiros a oferecer passeios de barco para a bela ilha de Klein Cura\u00e7ao. Como [&hellip;]<\/p>\n","protected":false},"author":1,"featured_media":0,"parent":0,"menu_order":0,"comment_status":"closed","ping_status":"closed","template":"","meta":{"footnotes":""},"class_list":["post-3491","page","type-page","status-publish","hentry"],"meta_box":{"group_review":[{"review_source":"Tripadvisor","_state":"expanded"}]},"_links":{"self":[{"href":"https:\/\/missannboattrips.com\/pt-pt\/wp-json\/wp\/v2\/pages\/3491","targetHints":{"allow":["GET"]}}],"collection":[{"href":"https:\/\/missannboattrips.com\/pt-pt\/wp-json\/wp\/v2\/pages"}],"about":[{"href":"https:\/\/missannboattrips.com\/pt-pt\/wp-json\/wp\/v2\/types\/page"}],"author":[{"embeddable":true,"href":"https:\/\/missannboattrips.com\/pt-pt\/wp-json\/wp\/v2\/users\/1"}],"replies":[{"embeddable":true,"href":"https:\/\/missannboattrips.com\/pt-pt\/wp-json\/wp\/v2\/comments?post=3491"}],"version-history":[{"count":1,"href":"https:\/\/missannboattrips.com\/pt-pt\/wp-json\/wp\/v2\/pages\/3491\/revisions"}],"predecessor-version":[{"id":3501,"href":"https:\/\/missannboattrips.com\/pt-pt\/wp-json\/wp\/v2\/pages\/3491\/revisions\/3501"}],"wp:attachment":[{"href":"https:\/\/missannboattrips.com\/pt-pt\/wp-json\/wp\/v2\/media?parent=3491"}],"curies":[{"name":"wp","href":"https:\/\/api.w.org\/{rel}","templated":true}]}}