{"id":5281,"date":"2025-09-02T10:43:44","date_gmt":"2025-09-02T10:43:44","guid":{"rendered":"https:\/\/missannboattrips.com\/activities\/massages\/"},"modified":"2025-12-04T09:59:39","modified_gmt":"2025-12-04T09:59:39","slug":"massages","status":"publish","type":"page","link":"https:\/\/missannboattrips.com\/nl\/activities\/massages\/","title":{"rendered":"Massages"},"content":{"rendered":"\n<p>Ontsnap aan pure rust met onze zorgvuldig samengestelde massage-ervaringen. Of je nu kiest voor een luxe spa op Cura\u00e7ao, een priv\u00e9behandeling in je villa, of een once-in-a-lifetime massage op de ongerepte stranden van Klein Cura\u00e7ao, elk moment is ontworpen om lichaam en geest te vernieuwen.<\/p>\n\n\n\n<p>Cura\u00e7ao is de thuisbasis van enkele van de meest betoverende wellnessaanbiedingen in het Caribisch gebied. Stel je voor dat je een ontspannende massage ontvangt onder wuivende palmbomen, met het geluid van de golven op de achtergrond en warme eilandbriesjes die je huid strelen.<\/p>\n","protected":false},"excerpt":{"rendered":"<p>Ontsnap aan pure rust met onze zorgvuldig samengestelde massage-ervaringen. Of je nu kiest voor een luxe spa op Cura\u00e7ao, een priv\u00e9behandeling in je villa, of een once-in-a-lifetime massage op de ongerepte stranden van Klein Cura\u00e7ao, elk moment is ontworpen om lichaam en geest te vernieuwen. Cura\u00e7ao is de thuisbasis van enkele van de meest betoverende [&hellip;]<\/p>\n","protected":false},"author":1,"featured_media":0,"parent":4001,"menu_order":0,"comment_status":"closed","ping_status":"closed","template":"","meta":{"footnotes":""},"class_list":["post-5281","page","type-page","status-publish","hentry"],"meta_box":{"group_review":[{"review_source":"Tripadvisor","_state":"expanded"}]},"_links":{"self":[{"href":"https:\/\/missannboattrips.com\/nl\/wp-json\/wp\/v2\/pages\/5281","targetHints":{"allow":["GET"]}}],"collection":[{"href":"https:\/\/missannboattrips.com\/nl\/wp-json\/wp\/v2\/pages"}],"about":[{"href":"https:\/\/missannboattrips.com\/nl\/wp-json\/wp\/v2\/types\/page"}],"author":[{"embeddable":true,"href":"https:\/\/missannboattrips.com\/nl\/wp-json\/wp\/v2\/users\/1"}],"replies":[{"embeddable":true,"href":"https:\/\/missannboattrips.com\/nl\/wp-json\/wp\/v2\/comments?post=5281"}],"version-history":[{"count":2,"href":"https:\/\/missannboattrips.com\/nl\/wp-json\/wp\/v2\/pages\/5281\/revisions"}],"predecessor-version":[{"id":5321,"href":"https:\/\/missannboattrips.com\/nl\/wp-json\/wp\/v2\/pages\/5281\/revisions\/5321"}],"up":[{"embeddable":true,"href":"https:\/\/missannboattrips.com\/nl\/wp-json\/wp\/v2\/pages\/4001"}],"wp:attachment":[{"href":"https:\/\/missannboattrips.com\/nl\/wp-json\/wp\/v2\/media?parent=5281"}],"curies":[{"name":"wp","href":"https:\/\/api.w.org\/{rel}","templated":true}]}}