{"id":5371,"date":"2025-09-02T10:43:44","date_gmt":"2025-09-02T10:43:44","guid":{"rendered":"https:\/\/missannboattrips.com\/activities\/massages\/"},"modified":"2025-12-04T11:35:20","modified_gmt":"2025-12-04T11:35:20","slug":"massages","status":"publish","type":"page","link":"https:\/\/missannboattrips.com\/es\/activities\/massages\/","title":{"rendered":"Massages"},"content":{"rendered":"\n<p>Esc\u00e1pate a una tranquilidad absoluta con nuestras experiencias de masaje cuidadosamente seleccionadas. Ya sea que prefieras un lujoso spa en Curazao, un tratamiento privado en tu villa o un masaje \u00fanico en la vida en las playas pr\u00edstinas de Klein Curazao, cada momento est\u00e1 dise\u00f1ado para rejuvenecer el cuerpo y el alma.<\/p>\n\n\n\n<p>Curazao alberga algunas de las ofertas de bienestar m\u00e1s encantadoras del Caribe. Imag\u00ednate recibiendo un masaje relajante bajo palmeras que se mecen, con el sonido de las olas de fondo y la c\u00e1lida brisa isle\u00f1a acariciando tu piel.<\/p>\n","protected":false},"excerpt":{"rendered":"<p>Esc\u00e1pate a una tranquilidad absoluta con nuestras experiencias de masaje cuidadosamente seleccionadas. Ya sea que prefieras un lujoso spa en Curazao, un tratamiento privado en tu villa o un masaje \u00fanico en la vida en las playas pr\u00edstinas de Klein Curazao, cada momento est\u00e1 dise\u00f1ado para rejuvenecer el cuerpo y el alma. Curazao alberga algunas [&hellip;]<\/p>\n","protected":false},"author":1,"featured_media":0,"parent":4021,"menu_order":0,"comment_status":"closed","ping_status":"closed","template":"","meta":{"footnotes":""},"class_list":["post-5371","page","type-page","status-publish","hentry"],"meta_box":{"group_review":[{"review_source":"Tripadvisor","_state":"expanded"}]},"_links":{"self":[{"href":"https:\/\/missannboattrips.com\/es\/wp-json\/wp\/v2\/pages\/5371","targetHints":{"allow":["GET"]}}],"collection":[{"href":"https:\/\/missannboattrips.com\/es\/wp-json\/wp\/v2\/pages"}],"about":[{"href":"https:\/\/missannboattrips.com\/es\/wp-json\/wp\/v2\/types\/page"}],"author":[{"embeddable":true,"href":"https:\/\/missannboattrips.com\/es\/wp-json\/wp\/v2\/users\/1"}],"replies":[{"embeddable":true,"href":"https:\/\/missannboattrips.com\/es\/wp-json\/wp\/v2\/comments?post=5371"}],"version-history":[{"count":1,"href":"https:\/\/missannboattrips.com\/es\/wp-json\/wp\/v2\/pages\/5371\/revisions"}],"predecessor-version":[{"id":5381,"href":"https:\/\/missannboattrips.com\/es\/wp-json\/wp\/v2\/pages\/5371\/revisions\/5381"}],"up":[{"embeddable":true,"href":"https:\/\/missannboattrips.com\/es\/wp-json\/wp\/v2\/pages\/4021"}],"wp:attachment":[{"href":"https:\/\/missannboattrips.com\/es\/wp-json\/wp\/v2\/media?parent=5371"}],"curies":[{"name":"wp","href":"https:\/\/api.w.org\/{rel}","templated":true}]}}