{"id":4231,"date":"2025-03-27T22:42:20","date_gmt":"2025-03-27T22:42:20","guid":{"rendered":"http:\/\/missannboattrips.com\/activities\/diving-klein-curacao\/"},"modified":"2025-10-09T17:14:35","modified_gmt":"2025-10-09T17:14:35","slug":"diving-klein-curacao","status":"publish","type":"page","link":"https:\/\/missannboattrips.com\/es\/activities\/diving-klein-curacao\/","title":{"rendered":"Buceo en Klein Curazao"},"content":{"rendered":"\n<p>Klein Curazao es un <strong>lugar de buceo de clase mundial<\/strong>, con arrecifes v\u00edrgenes y un ecosistema caribe\u00f1o abundante. Miss Ann Boat Trips lleva <strong>40 a\u00f1os<\/strong> visitando Klein Curazao, as\u00ed que podemos decir con seguridad que nuestros instructores te guiar\u00e1n hacia algunos de los <strong>mejores tesoros escondidos<\/strong> de la zona. Con la <strong>\u00fanica escuela de buceo en Klein Curazao<\/strong>, nuestro Divemaster <strong>Kees<\/strong> puede ofrecer diversas inmersiones guiadas adaptadas a ti, tanto si eres principiante como si eres experto. \u00bfTe gustar\u00eda obtener tu certificaci\u00f3n <strong>PADI Open Water, Advanced o Rescue Diver<\/strong>? \u00bfPor qu\u00e9 no hacerlo en el para\u00edso?<\/p>\n\n\n\n<p>Con la escuela de buceo <strong>Sublub<\/strong> en el lugar, no necesitar\u00e1s traer ning\u00fan equipo de buceo. Tenemos todo el material necesario a tu disposici\u00f3n. Esto tambi\u00e9n significa que tienes la libertad de ser espont\u00e1neo y decidir en el momento si quieres bucear, siempre que haya disponibilidad. No obstante, <strong>recomendamos reservar tu plaza con antelaci\u00f3n<\/strong>.<\/p>\n","protected":false},"excerpt":{"rendered":"<p>Klein Curazao es un lugar de buceo de clase mundial, con arrecifes v\u00edrgenes y un ecosistema caribe\u00f1o abundante. Miss Ann Boat Trips lleva 40 a\u00f1os visitando Klein Curazao, as\u00ed que podemos decir con seguridad que nuestros instructores te guiar\u00e1n hacia algunos de los mejores tesoros escondidos de la zona. Con la \u00fanica escuela de buceo [&hellip;]<\/p>\n","protected":false},"author":1,"featured_media":0,"parent":4021,"menu_order":0,"comment_status":"closed","ping_status":"closed","template":"","meta":{"footnotes":""},"class_list":["post-4231","page","type-page","status-publish","hentry"],"meta_box":{"group_review":[{"review_source":"Tripadvisor","_state":"expanded"}]},"_links":{"self":[{"href":"https:\/\/missannboattrips.com\/es\/wp-json\/wp\/v2\/pages\/4231","targetHints":{"allow":["GET"]}}],"collection":[{"href":"https:\/\/missannboattrips.com\/es\/wp-json\/wp\/v2\/pages"}],"about":[{"href":"https:\/\/missannboattrips.com\/es\/wp-json\/wp\/v2\/types\/page"}],"author":[{"embeddable":true,"href":"https:\/\/missannboattrips.com\/es\/wp-json\/wp\/v2\/users\/1"}],"replies":[{"embeddable":true,"href":"https:\/\/missannboattrips.com\/es\/wp-json\/wp\/v2\/comments?post=4231"}],"version-history":[{"count":1,"href":"https:\/\/missannboattrips.com\/es\/wp-json\/wp\/v2\/pages\/4231\/revisions"}],"predecessor-version":[{"id":4241,"href":"https:\/\/missannboattrips.com\/es\/wp-json\/wp\/v2\/pages\/4231\/revisions\/4241"}],"up":[{"embeddable":true,"href":"https:\/\/missannboattrips.com\/es\/wp-json\/wp\/v2\/pages\/4021"}],"wp:attachment":[{"href":"https:\/\/missannboattrips.com\/es\/wp-json\/wp\/v2\/media?parent=4231"}],"curies":[{"name":"wp","href":"https:\/\/api.w.org\/{rel}","templated":true}]}}