{"id":4141,"date":"2025-03-27T22:42:00","date_gmt":"2025-03-27T22:42:00","guid":{"rendered":"http:\/\/missannboattrips.com\/activities\/rent-a-yacht\/"},"modified":"2025-10-09T17:29:01","modified_gmt":"2025-10-09T17:29:01","slug":"rent-a-yacht","status":"publish","type":"page","link":"https:\/\/missannboattrips.com\/es\/activities\/rent-a-yacht\/","title":{"rendered":"Alquila un yate en Curazao"},"content":{"rendered":"\n<p>Alquila un yate para vivir la mejor experiencia caribe\u00f1a. Perfecto para bodas, aniversarios, fiestas de cumplea\u00f1os, actividades de team building u otros momentos especiales. Elige uno de nuestros dos yates: <strong>Serendipity<\/strong> o <strong>Second Chance<\/strong>.<\/p>\n\n\n\n<p>Si est\u00e1s organizando un evento especial o simplemente buscas una escapada privada, nuestro equipo est\u00e1 comprometido a hacer que tu experiencia sea \u00fanica e inolvidable. Disfruta del lujo, la flexibilidad y la privacidad que alquilar un yate ofrece a ti y a tus seres queridos.<\/p>\n","protected":false},"excerpt":{"rendered":"<p>Alquila un yate para vivir la mejor experiencia caribe\u00f1a. Perfecto para bodas, aniversarios, fiestas de cumplea\u00f1os, actividades de team building u otros momentos especiales. Elige uno de nuestros dos yates: Serendipity o Second Chance. Si est\u00e1s organizando un evento especial o simplemente buscas una escapada privada, nuestro equipo est\u00e1 comprometido a hacer que tu experiencia [&hellip;]<\/p>\n","protected":false},"author":1,"featured_media":0,"parent":4021,"menu_order":0,"comment_status":"closed","ping_status":"closed","template":"","meta":{"footnotes":""},"class_list":["post-4141","page","type-page","status-publish","hentry"],"meta_box":{"group_review":[{"review_source":"Tripadvisor","_state":"expanded"}]},"_links":{"self":[{"href":"https:\/\/missannboattrips.com\/es\/wp-json\/wp\/v2\/pages\/4141","targetHints":{"allow":["GET"]}}],"collection":[{"href":"https:\/\/missannboattrips.com\/es\/wp-json\/wp\/v2\/pages"}],"about":[{"href":"https:\/\/missannboattrips.com\/es\/wp-json\/wp\/v2\/types\/page"}],"author":[{"embeddable":true,"href":"https:\/\/missannboattrips.com\/es\/wp-json\/wp\/v2\/users\/1"}],"replies":[{"embeddable":true,"href":"https:\/\/missannboattrips.com\/es\/wp-json\/wp\/v2\/comments?post=4141"}],"version-history":[{"count":1,"href":"https:\/\/missannboattrips.com\/es\/wp-json\/wp\/v2\/pages\/4141\/revisions"}],"predecessor-version":[{"id":4151,"href":"https:\/\/missannboattrips.com\/es\/wp-json\/wp\/v2\/pages\/4141\/revisions\/4151"}],"up":[{"embeddable":true,"href":"https:\/\/missannboattrips.com\/es\/wp-json\/wp\/v2\/pages\/4021"}],"wp:attachment":[{"href":"https:\/\/missannboattrips.com\/es\/wp-json\/wp\/v2\/media?parent=4141"}],"curies":[{"name":"wp","href":"https:\/\/api.w.org\/{rel}","templated":true}]}}