{"id":4081,"date":"2025-06-25T08:47:05","date_gmt":"2025-06-25T08:47:05","guid":{"rendered":"http:\/\/missannboattrips.com\/cancellation\/"},"modified":"2025-06-27T12:01:38","modified_gmt":"2025-06-27T12:01:38","slug":"cancellation","status":"publish","type":"page","link":"https:\/\/missannboattrips.com\/es\/cancellation\/","title":{"rendered":"Cancelaci\u00f3n"},"content":{"rendered":"\n<p>Las cancelaciones realizadas con <strong>48 horas o m\u00e1s de antelaci\u00f3n<\/strong> al tour a Klein Curazao recibir\u00e1n un <strong>reembolso del 100%<\/strong>.<\/p>\n\n\n\n<p>Las cancelaciones realizadas entre <strong>48 y 24 horas de antelaci\u00f3n<\/strong> recibir\u00e1n un <strong>reembolso del 50%<\/strong>.<\/p>\n\n\n\n<p>Las cancelaciones realizadas con <strong>menos de 24 horas de antelaci\u00f3n<\/strong> al tour a Klein Curazao <strong>no recibir\u00e1n ning\u00fan reembolso<\/strong>.<\/p>\n\n\n\n<p><strong>Nota:<\/strong> Para los charters privados, se aplica una pol\u00edtica de cancelaci\u00f3n diferente.<\/p>\n","protected":false},"excerpt":{"rendered":"<p>Las cancelaciones realizadas con 48 horas o m\u00e1s de antelaci\u00f3n al tour a Klein Curazao recibir\u00e1n un reembolso del 100%. Las cancelaciones realizadas entre 48 y 24 horas de antelaci\u00f3n recibir\u00e1n un reembolso del 50%. Las cancelaciones realizadas con menos de 24 horas de antelaci\u00f3n al tour a Klein Curazao no recibir\u00e1n ning\u00fan reembolso. Nota: [&hellip;]<\/p>\n","protected":false},"author":1,"featured_media":0,"parent":0,"menu_order":0,"comment_status":"closed","ping_status":"closed","template":"","meta":{"footnotes":""},"class_list":["post-4081","page","type-page","status-publish","hentry"],"meta_box":{"group_review":[]},"_links":{"self":[{"href":"https:\/\/missannboattrips.com\/es\/wp-json\/wp\/v2\/pages\/4081","targetHints":{"allow":["GET"]}}],"collection":[{"href":"https:\/\/missannboattrips.com\/es\/wp-json\/wp\/v2\/pages"}],"about":[{"href":"https:\/\/missannboattrips.com\/es\/wp-json\/wp\/v2\/types\/page"}],"author":[{"embeddable":true,"href":"https:\/\/missannboattrips.com\/es\/wp-json\/wp\/v2\/users\/1"}],"replies":[{"embeddable":true,"href":"https:\/\/missannboattrips.com\/es\/wp-json\/wp\/v2\/comments?post=4081"}],"version-history":[{"count":1,"href":"https:\/\/missannboattrips.com\/es\/wp-json\/wp\/v2\/pages\/4081\/revisions"}],"predecessor-version":[{"id":4101,"href":"https:\/\/missannboattrips.com\/es\/wp-json\/wp\/v2\/pages\/4081\/revisions\/4101"}],"wp:attachment":[{"href":"https:\/\/missannboattrips.com\/es\/wp-json\/wp\/v2\/media?parent=4081"}],"curies":[{"name":"wp","href":"https:\/\/api.w.org\/{rel}","templated":true}]}}