{"id":3781,"date":"2025-06-25T08:46:45","date_gmt":"2025-06-25T08:46:45","guid":{"rendered":"http:\/\/missannboattrips.com\/privacy-policy\/"},"modified":"2025-10-09T17:31:35","modified_gmt":"2025-10-09T17:31:35","slug":"privacy-policy","status":"publish","type":"page","link":"https:\/\/missannboattrips.com\/es\/privacy-policy\/","title":{"rendered":"Pol\u00edtica de privacidad"},"content":{"rendered":"\n<h2 class=\"wp-block-heading\">Klein Curazao: 1 hora al para\u00edso Todos los martes, jueves y domingos<\/h2>\n\n\n\n<p>Esta pol\u00edtica establece las bases sobre las que procesaremos cualquier dato personal que recopilemos de usted o que usted nos proporcione. Lea atentamente nuestra Pol\u00edtica de Privacidad.<\/p>\n\n\n\n<p>Informaci\u00f3n que usted proporciona al completar formularios en nuestro sitio web www.misannboattrips.com. Esto incluye la informaci\u00f3n proporcionada al registrarse para usar nuestro sitio o al solicitar servicios adicionales. Al registrarse en nuestro sitio web, le pediremos que proporcione su nombre, correo electr\u00f3nico, fecha de nacimiento, sexo, n\u00famero de tel\u00e9fono y direcci\u00f3n. Tambi\u00e9n podemos solicitarle informaci\u00f3n cuando informe un problema con nuestro sitio. Si hay alg\u00fan problema con el billete que compr\u00f3, le pediremos su n\u00famero de billete. Si compr\u00f3 su billete en l\u00ednea y hay un error, podemos solicitarle informaci\u00f3n adicional relacionada con el pago, como su n\u00famero de cuenta bancaria.<\/p>\n\n\n\n<p>Cuando compre entradas para un evento, el organizador recibir\u00e1 su nombre y correo electr\u00f3nico.<\/p>\n\n\n\n<p>Cuando compre entradas para un tour o actividad, el organizador recibir\u00e1 su nombre, correo electr\u00f3nico, fecha de nacimiento y su n\u00famero de tel\u00e9fono.<\/p>\n\n\n\n<p>Si se comunica con nosotros, podremos conservar un registro de dicha correspondencia.<\/p>\n\n\n\n<p>Tambi\u00e9n podemos pedirle que complete encuestas que utilizamos con fines de investigaci\u00f3n, aunque no es obligatorio que las responda.<\/p>\n\n\n\n<p>Detalle de las compras que usted realice a trav\u00e9s de nuestro sitio y del cumplimiento de sus reservas.<\/p>\n\n\n\n<p>En caso de vincular su tarjeta Fun Miles a su cuenta, tambi\u00e9n almacenaremos su n\u00famero de tarjeta, PIN y saldo actual encriptados en nuestro sistema.<\/p>\n\n\n\n<p>Detalles de sus visitas a nuestro sitio, incluidos, entre otros, datos de tr\u00e1fico, datos de ubicaci\u00f3n, registros y otros datos de comunicaci\u00f3n, ya sea que esto sea necesario para nuestros propios fines de facturaci\u00f3n o de otro tipo y los recursos a los que accede.<\/p>\n\n\n\n<p>No almacenamos ninguna informaci\u00f3n financiera en nuestros servidores, como n\u00fameros de tarjetas de cr\u00e9dito, c\u00f3digos PIN, etc.<\/p>\n\n\n\n<p>Todos los pagos son procesados \u200b\u200bpor nuestros proveedores de servicios de pago de terceros&nbsp;<sup>que<\/sup>&nbsp;&nbsp;cumplen con la normativa PCI.<\/p>\n\n\n\n<p>Podemos recopilar informaci\u00f3n sobre su ordenador, incluyendo, si est\u00e1 disponible, su direcci\u00f3n IP, sistema operativo y tipo de navegador, para la administraci\u00f3n del sistema y para proporcionar informaci\u00f3n agregada a nuestros clientes. Se trata de datos estad\u00edsticos sobre las acciones y patrones de navegaci\u00f3n de nuestros usuarios y no identifican a ninguna persona.<\/p>\n\n\n\n<p>Utilizamos Google Analytics y Facebook Pixel en nuestro sitio web. Al utilizar nuestro sitio web, usted acepta que recopilemos informaci\u00f3n an\u00f3nima del usuario para nuestras estad\u00edsticas.<\/p>\n\n\n\n<p>Nuestro sitio web utiliza cookies para diferenciarlo de otros usuarios. Esto nos ayuda a brindarle una buena experiencia al navegar por nuestro sitio web y tambi\u00e9n nos permite mejorarlo.<\/p>\n\n\n\n<p>Algunas cookies que utilizamos son esenciales para procesar su pedido, por ejemplo, permitir que nuestro sitio recuerde los detalles de su reserva cuando procede a realizar el pago.<\/p>\n\n\n\n<p>Otras cookies que utilizamos nos permiten reconocerle cuando regresa a nuestro sitio, estimar el tama\u00f1o de nuestra audiencia y sus patrones de uso, almacenar informaci\u00f3n sobre sus preferencias y, de este modo, personalizar nuestro sitio y ofrecerle ofertas adaptadas a sus intereses, agilizar sus b\u00fasquedas y permitirle usar nuestro sitio de una forma que le haga m\u00e1s c\u00f3moda su experiencia de navegaci\u00f3n. Si se registra con nosotros o completa nuestros formularios en l\u00ednea, utilizaremos cookies para recordar sus datos durante su visita actual y en futuras visitas, siempre que la cookie no se haya eliminado durante el periodo.<\/p>\n\n\n\n<p>Toda la informaci\u00f3n que nos proporciona se almacena en nuestros servidores seguros. Nuestros servidores de bases de datos se encuentran en EE. UU.<\/p>\n\n\n\n<p>Todas las transacciones de pago estar\u00e1n cifradas. No almacenamos informaci\u00f3n confidencial de pago (n\u00fameros de tarjeta, PIN, c\u00f3digos CVC, etc.) en nuestros servidores; solo almacenamos la informaci\u00f3n necesaria para soporte, como el n\u00famero de cuenta, el correo electr\u00f3nico y la referencia de la transacci\u00f3n.<\/p>\n\n\n\n<p>Si le hemos proporcionado (o si usted ha elegido) una contrase\u00f1a que le permite acceder a ciertas partes de nuestro sitio, usted es responsable de mantener la confidencialidad de dicha contrase\u00f1a. Le pedimos que no comparta su contrase\u00f1a con nadie. Todas las contrase\u00f1as est\u00e1n cifradas en nuestra base de datos.<\/p>\n\n\n\n<p>Lamentablemente, la transmisi\u00f3n de informaci\u00f3n por internet no es completamente segura. Si bien haremos todo lo posible por proteger sus datos personales, no podemos garantizar la seguridad de los datos que transmita a nuestro sitio; cualquier transmisi\u00f3n es bajo su propio riesgo. Una vez recibida su informaci\u00f3n, aplicaremos procedimientos estrictos y medidas de seguridad para evitar el acceso no autorizado.<\/p>\n\n\n\n<p>Tenemos derecho a utilizar su direcci\u00f3n de correo electr\u00f3nico para enviarle correos electr\u00f3nicos relacionados con el producto que usted compra, por ejemplo, cancelaciones, cambios de la reserva, informaci\u00f3n importante relacionada con la reserva, etc.<\/p>\n","protected":false},"excerpt":{"rendered":"<p>Klein Curazao: 1 hora al para\u00edso Todos los martes, jueves y domingos Esta pol\u00edtica establece las bases sobre las que procesaremos cualquier dato personal que recopilemos de usted o que usted nos proporcione. Lea atentamente nuestra Pol\u00edtica de Privacidad. Informaci\u00f3n que usted proporciona al completar formularios en nuestro sitio web www.misannboattrips.com. Esto incluye la informaci\u00f3n [&hellip;]<\/p>\n","protected":false},"author":1,"featured_media":0,"parent":0,"menu_order":0,"comment_status":"closed","ping_status":"closed","template":"","meta":{"footnotes":""},"class_list":["post-3781","page","type-page","status-publish","hentry"],"meta_box":{"group_review":[{"review_source":"Tripadvisor","_state":"expanded"}]},"_links":{"self":[{"href":"https:\/\/missannboattrips.com\/es\/wp-json\/wp\/v2\/pages\/3781","targetHints":{"allow":["GET"]}}],"collection":[{"href":"https:\/\/missannboattrips.com\/es\/wp-json\/wp\/v2\/pages"}],"about":[{"href":"https:\/\/missannboattrips.com\/es\/wp-json\/wp\/v2\/types\/page"}],"author":[{"embeddable":true,"href":"https:\/\/missannboattrips.com\/es\/wp-json\/wp\/v2\/users\/1"}],"replies":[{"embeddable":true,"href":"https:\/\/missannboattrips.com\/es\/wp-json\/wp\/v2\/comments?post=3781"}],"version-history":[{"count":1,"href":"https:\/\/missannboattrips.com\/es\/wp-json\/wp\/v2\/pages\/3781\/revisions"}],"predecessor-version":[{"id":3811,"href":"https:\/\/missannboattrips.com\/es\/wp-json\/wp\/v2\/pages\/3781\/revisions\/3811"}],"wp:attachment":[{"href":"https:\/\/missannboattrips.com\/es\/wp-json\/wp\/v2\/media?parent=3781"}],"curies":[{"name":"wp","href":"https:\/\/api.w.org\/{rel}","templated":true}]}}