{"id":3601,"date":"2025-03-27T22:39:40","date_gmt":"2025-03-27T22:39:40","guid":{"rendered":"http:\/\/missannboattrips.com\/contact\/"},"modified":"2025-06-25T12:25:48","modified_gmt":"2025-06-25T12:25:48","slug":"contact","status":"publish","type":"page","link":"https:\/\/missannboattrips.com\/es\/contact\/","title":{"rendered":"Contact"},"content":{"rendered":"\n<p>No hay nada como ver la puesta de sol, encender tu propia hoguera y contemplar las estrellas en una isla apartada con tus seres queridos. Con el sonido relajante del oc\u00e9ano arrull\u00e1ndote al dormir, te sentir\u00e1s m\u00e1s conectado con la naturaleza \u2014y entre vosotros\u2014 que nunca. Nuestra casa de playa privada, equipada con aseo y ducha, ofrece comodidad y refugio. \u00a1Nuestro equipo se encargar\u00e1 de tus comidas y bebidas!<\/p>\n","protected":false},"excerpt":{"rendered":"<p>No hay nada como ver la puesta de sol, encender tu propia hoguera y contemplar las estrellas en una isla apartada con tus seres queridos. Con el sonido relajante del oc\u00e9ano arrull\u00e1ndote al dormir, te sentir\u00e1s m\u00e1s conectado con la naturaleza \u2014y entre vosotros\u2014 que nunca. Nuestra casa de playa privada, equipada con aseo y [&hellip;]<\/p>\n","protected":false},"author":1,"featured_media":0,"parent":0,"menu_order":0,"comment_status":"closed","ping_status":"closed","template":"","meta":{"footnotes":""},"class_list":["post-3601","page","type-page","status-publish","hentry"],"meta_box":{"group_review":[]},"_links":{"self":[{"href":"https:\/\/missannboattrips.com\/es\/wp-json\/wp\/v2\/pages\/3601","targetHints":{"allow":["GET"]}}],"collection":[{"href":"https:\/\/missannboattrips.com\/es\/wp-json\/wp\/v2\/pages"}],"about":[{"href":"https:\/\/missannboattrips.com\/es\/wp-json\/wp\/v2\/types\/page"}],"author":[{"embeddable":true,"href":"https:\/\/missannboattrips.com\/es\/wp-json\/wp\/v2\/users\/1"}],"replies":[{"embeddable":true,"href":"https:\/\/missannboattrips.com\/es\/wp-json\/wp\/v2\/comments?post=3601"}],"version-history":[{"count":1,"href":"https:\/\/missannboattrips.com\/es\/wp-json\/wp\/v2\/pages\/3601\/revisions"}],"predecessor-version":[{"id":3631,"href":"https:\/\/missannboattrips.com\/es\/wp-json\/wp\/v2\/pages\/3601\/revisions\/3631"}],"wp:attachment":[{"href":"https:\/\/missannboattrips.com\/es\/wp-json\/wp\/v2\/media?parent=3601"}],"curies":[{"name":"wp","href":"https:\/\/api.w.org\/{rel}","templated":true}]}}