{"id":3541,"date":"2025-03-27T22:40:11","date_gmt":"2025-03-27T22:40:11","guid":{"rendered":"http:\/\/missannboattrips.com\/activity\/"},"modified":"2025-06-25T11:15:18","modified_gmt":"2025-06-25T11:15:18","slug":"activity","status":"publish","type":"page","link":"https:\/\/missannboattrips.com\/es\/activity\/","title":{"rendered":"Activity"},"content":{"rendered":"\n<p>Con m\u00e1s de 35 a\u00f1os de experiencia, una tripulaci\u00f3n dedicada y tres embarcaciones hermosas, ofrecemos diversos paseos en barco y actividades adaptadas a tus deseos. \u00danete a nosotros en una excursi\u00f3n de d\u00eda completo todo incluido a Klein Cura\u00e7ao y descubre el mundo submarino con nuestro Divemaster. \u00bfEst\u00e1s planeando un evento especial? \u00a1Alquila un yate! \u00bfSuena tentador? Emprendamos juntos una aventura.<\/p>\n","protected":false},"excerpt":{"rendered":"<p>Con m\u00e1s de 35 a\u00f1os de experiencia, una tripulaci\u00f3n dedicada y tres embarcaciones hermosas, ofrecemos diversos paseos en barco y actividades adaptadas a tus deseos. \u00danete a nosotros en una excursi\u00f3n de d\u00eda completo todo incluido a Klein Cura\u00e7ao y descubre el mundo submarino con nuestro Divemaster. \u00bfEst\u00e1s planeando un evento especial? \u00a1Alquila un yate! [&hellip;]<\/p>\n","protected":false},"author":1,"featured_media":0,"parent":0,"menu_order":0,"comment_status":"closed","ping_status":"closed","template":"","meta":{"footnotes":""},"class_list":["post-3541","page","type-page","status-publish","hentry"],"meta_box":{"group_review":[]},"_links":{"self":[{"href":"https:\/\/missannboattrips.com\/es\/wp-json\/wp\/v2\/pages\/3541","targetHints":{"allow":["GET"]}}],"collection":[{"href":"https:\/\/missannboattrips.com\/es\/wp-json\/wp\/v2\/pages"}],"about":[{"href":"https:\/\/missannboattrips.com\/es\/wp-json\/wp\/v2\/types\/page"}],"author":[{"embeddable":true,"href":"https:\/\/missannboattrips.com\/es\/wp-json\/wp\/v2\/users\/1"}],"replies":[{"embeddable":true,"href":"https:\/\/missannboattrips.com\/es\/wp-json\/wp\/v2\/comments?post=3541"}],"version-history":[{"count":1,"href":"https:\/\/missannboattrips.com\/es\/wp-json\/wp\/v2\/pages\/3541\/revisions"}],"predecessor-version":[{"id":3551,"href":"https:\/\/missannboattrips.com\/es\/wp-json\/wp\/v2\/pages\/3541\/revisions\/3551"}],"wp:attachment":[{"href":"https:\/\/missannboattrips.com\/es\/wp-json\/wp\/v2\/media?parent=3541"}],"curies":[{"name":"wp","href":"https:\/\/api.w.org\/{rel}","templated":true}]}}