{"id":3471,"date":"2025-03-27T18:11:02","date_gmt":"2025-03-27T18:11:02","guid":{"rendered":"http:\/\/missannboattrips.com\/about\/"},"modified":"2025-10-09T17:35:46","modified_gmt":"2025-10-09T17:35:46","slug":"about","status":"publish","type":"page","link":"https:\/\/missannboattrips.com\/es\/about\/","title":{"rendered":"About"},"content":{"rendered":"\n<p>Hace m\u00e1s de 40 a\u00f1os, impulsados por una profunda pasi\u00f3n por el mar, Pieter van der Vlies y su pareja Solange Istatia fundaron Miss Ann Boat Trips en Cura\u00e7ao, con la compra de su primera embarcaci\u00f3n: \"Miss Ann\". Fueron los primeros en ofrecer excursiones en barco a la hermosa isla de Klein Cura\u00e7ao. Como verdaderos pioneros, ayudaron a hacer la isla accesible para los visitantes y desde entonces han promovido el turismo sostenible.<\/p>\n\n\n\n<p>Hoy en d\u00eda, su hijo ha tomado las riendas de la empresa, que ahora cuenta con dos yates a motor y un equipo entusiasta que siempre est\u00e1 dispuesto a brindarte un d\u00eda sorprendentemente hermoso y divertido, desde el momento de tu reserva hasta la \u00faltima ola de despedida. Este es el lugar ideal para tu excursi\u00f3n a Klein Cura\u00e7ao o para alquilar un yate.<\/p>\n\n\n\n<p>Gracias a su experiencia, pasi\u00f3n y dedicaci\u00f3n, la empresa familiar Miss Ann Boat Trips ofrece a sus hu\u00e9spedes una aut\u00e9ntica muestra del estilo de vida caribe\u00f1o.<\/p>\n","protected":false},"excerpt":{"rendered":"<p>Hace m\u00e1s de 40 a\u00f1os, impulsados por una profunda pasi\u00f3n por el mar, Pieter van der Vlies y su pareja Solange Istatia fundaron Miss Ann Boat Trips en Cura\u00e7ao, con la compra de su primera embarcaci\u00f3n: \"Miss Ann\". Fueron los primeros en ofrecer excursiones en barco a la hermosa isla de Klein Cura\u00e7ao. Como verdaderos [&hellip;]<\/p>\n","protected":false},"author":1,"featured_media":0,"parent":0,"menu_order":0,"comment_status":"closed","ping_status":"closed","template":"","meta":{"footnotes":""},"class_list":["post-3471","page","type-page","status-publish","hentry"],"meta_box":{"group_review":[{"review_source":"Tripadvisor","_state":"expanded"}]},"_links":{"self":[{"href":"https:\/\/missannboattrips.com\/es\/wp-json\/wp\/v2\/pages\/3471","targetHints":{"allow":["GET"]}}],"collection":[{"href":"https:\/\/missannboattrips.com\/es\/wp-json\/wp\/v2\/pages"}],"about":[{"href":"https:\/\/missannboattrips.com\/es\/wp-json\/wp\/v2\/types\/page"}],"author":[{"embeddable":true,"href":"https:\/\/missannboattrips.com\/es\/wp-json\/wp\/v2\/users\/1"}],"replies":[{"embeddable":true,"href":"https:\/\/missannboattrips.com\/es\/wp-json\/wp\/v2\/comments?post=3471"}],"version-history":[{"count":1,"href":"https:\/\/missannboattrips.com\/es\/wp-json\/wp\/v2\/pages\/3471\/revisions"}],"predecessor-version":[{"id":3481,"href":"https:\/\/missannboattrips.com\/es\/wp-json\/wp\/v2\/pages\/3471\/revisions\/3481"}],"wp:attachment":[{"href":"https:\/\/missannboattrips.com\/es\/wp-json\/wp\/v2\/media?parent=3471"}],"curies":[{"name":"wp","href":"https:\/\/api.w.org\/{rel}","templated":true}]}}